{"id":372,"date":"2021-07-30T17:38:21","date_gmt":"2021-07-30T15:38:21","guid":{"rendered":"https:\/\/estanciasfisioterapia.umh.es\/?page_id=372"},"modified":"2021-07-30T17:47:14","modified_gmt":"2021-07-30T15:47:14","slug":"antes-de-las-practicas-preparacion","status":"publish","type":"page","link":"https:\/\/estanciasfisioterapia.umh.es\/en\/informacion-a-centros-de-practicas\/antes-de-las-practicas-preparacion\/","title":{"rendered":"<span lang=\"es\">(Espa\u00f1ol) 03. Antes de las pr\u00e1cticas (preparaci\u00f3n)<\/span>"},"content":{"rendered":"<p class=\"qtranxs-available-languages-message qtranxs-available-languages-message-en\">Sorry, this entry is only available in <a href=\"https:\/\/estanciasfisioterapia.umh.es\/es\/wp-json\/wp\/v2\/pages\/372\" class=\"qtranxs-available-language-link qtranxs-available-language-link-es\" title=\"Espa\u00f1ol\">European Spanish<\/a>.<\/p>","protected":false},"excerpt":{"rendered":"<p>Sorry, this entry is only available in European Spanish.<\/p>\n","protected":false},"author":55,"featured_media":0,"parent":333,"menu_order":103,"comment_status":"closed","ping_status":"closed","template":"","meta":{"_links_to":"","_links_to_target":""},"_links":{"self":[{"href":"https:\/\/estanciasfisioterapia.umh.es\/en\/wp-json\/wp\/v2\/pages\/372"}],"collection":[{"href":"https:\/\/estanciasfisioterapia.umh.es\/en\/wp-json\/wp\/v2\/pages"}],"about":[{"href":"https:\/\/estanciasfisioterapia.umh.es\/en\/wp-json\/wp\/v2\/types\/page"}],"author":[{"embeddable":true,"href":"https:\/\/estanciasfisioterapia.umh.es\/en\/wp-json\/wp\/v2\/users\/55"}],"replies":[{"embeddable":true,"href":"https:\/\/estanciasfisioterapia.umh.es\/en\/wp-json\/wp\/v2\/comments?post=372"}],"version-history":[{"count":0,"href":"https:\/\/estanciasfisioterapia.umh.es\/en\/wp-json\/wp\/v2\/pages\/372\/revisions"}],"up":[{"embeddable":true,"href":"https:\/\/estanciasfisioterapia.umh.es\/en\/wp-json\/wp\/v2\/pages\/333"}],"wp:attachment":[{"href":"https:\/\/estanciasfisioterapia.umh.es\/en\/wp-json\/wp\/v2\/media?parent=372"}],"curies":[{"name":"wp","href":"https:\/\/api.w.org\/{rel}","templated":true}]}}