{"id":117,"date":"2017-02-10T11:09:42","date_gmt":"2017-02-10T11:09:42","guid":{"rendered":"http:\/\/estanciasfisioterapia.umh.es\/?page_id=117"},"modified":"2022-10-10T09:33:31","modified_gmt":"2022-10-10T07:33:31","slug":"tutores-clinicos","status":"publish","type":"page","link":"https:\/\/estanciasfisioterapia.umh.es\/en\/informacion-a-centros-de-practicas\/tutores-clinicos\/","title":{"rendered":"<span lang=\"es\">(Espa\u00f1ol) 04. Durante las pr\u00e1cticas (informaci\u00f3n para tutores)<\/span>"},"content":{"rendered":"<p class=\"qtranxs-available-languages-message qtranxs-available-languages-message-en\">Sorry, this entry is only available in <a href=\"https:\/\/estanciasfisioterapia.umh.es\/es\/wp-json\/wp\/v2\/pages\/117\" class=\"qtranxs-available-language-link qtranxs-available-language-link-es\" title=\"Espa\u00f1ol\">European Spanish<\/a>.<\/p>","protected":false},"excerpt":{"rendered":"<p>Sorry, this entry is only available in European Spanish.<\/p>\n","protected":false},"author":1390,"featured_media":0,"parent":333,"menu_order":104,"comment_status":"closed","ping_status":"closed","template":"","meta":{"_links_to":"","_links_to_target":""},"_links":{"self":[{"href":"https:\/\/estanciasfisioterapia.umh.es\/en\/wp-json\/wp\/v2\/pages\/117"}],"collection":[{"href":"https:\/\/estanciasfisioterapia.umh.es\/en\/wp-json\/wp\/v2\/pages"}],"about":[{"href":"https:\/\/estanciasfisioterapia.umh.es\/en\/wp-json\/wp\/v2\/types\/page"}],"author":[{"embeddable":true,"href":"https:\/\/estanciasfisioterapia.umh.es\/en\/wp-json\/wp\/v2\/users\/1390"}],"replies":[{"embeddable":true,"href":"https:\/\/estanciasfisioterapia.umh.es\/en\/wp-json\/wp\/v2\/comments?post=117"}],"version-history":[{"count":0,"href":"https:\/\/estanciasfisioterapia.umh.es\/en\/wp-json\/wp\/v2\/pages\/117\/revisions"}],"up":[{"embeddable":true,"href":"https:\/\/estanciasfisioterapia.umh.es\/en\/wp-json\/wp\/v2\/pages\/333"}],"wp:attachment":[{"href":"https:\/\/estanciasfisioterapia.umh.es\/en\/wp-json\/wp\/v2\/media?parent=117"}],"curies":[{"name":"wp","href":"https:\/\/api.w.org\/{rel}","templated":true}]}}